{"id":488,"date":"2024-02-18T03:15:28","date_gmt":"2024-02-18T06:15:28","guid":{"rendered":"https:\/\/tiendabienalto.com.ar\/?post_type=product&#038;p=488"},"modified":"2025-11-09T20:03:44","modified_gmt":"2025-11-09T23:03:44","slug":"olla-cacerola-con-tapa-sarten-doble-uso-fundicion-hierro","status":"publish","type":"product","link":"https:\/\/tiendabienalto.com.ar\/?product=olla-cacerola-con-tapa-sarten-doble-uso-fundicion-hierro","title":{"rendered":"Olla Cacerola Con Tapa Sart\u00e9n. Doble Uso. Fundici\u00f3n Hierro"},"content":{"rendered":"","protected":false},"excerpt":{"rendered":"<p>**Olla Cacerola con Doble Funci\u00f3n** Olla y Sart\u00e9n<\/p>\n<p>&gt;Se puede usar como olla o como sart\u00e9n<br \/>\n&gt;Sirve para pan de masa madre<\/p>\n<p>| Descripciones :<br \/>\n&#8211; Medidas: 35cm largo, 12 cm alto, 25cm ancho.<br \/>\n&#8211; Incluye tapa que puede usarse como sart\u00e9n o plancha.<br \/>\n&#8211; Hierro en fundici\u00f3n.<br \/>\n&#8211; Apta para colocar directo al horno<br \/>\n&#8211; Curar antes de usar.<\/p>\n<p>| Proceso de curado:<br \/>\n&#8211; Limpiar , Untar con aceite o grasa animal.<br \/>\n&#8211; Llevar al fuego por 30min aprox.<br \/>\n&#8211; Luego de cada uso se debe secar correctamente y untar con aceite para su guardado.<\/p>\n<p>| Packaging<br \/>\n&#8211; Envoltorio en film strech<br \/>\n&#8211; Bolsa de friselina con manija para cada producto.<br \/>\n&#8211; Folleto de recomendaciones para un excelente cuidado.<br \/>\n&#8211; Protegemos nuestros productos con pluribol (burbujas), para una entrega en perfectas condiciones.<\/p>\n<p>| Facturaci\u00f3n<br \/>\n&#8211; Realizamos factura A \/ B<\/p>\n<p>| Detalles<br \/>\n&#8211; Venta minorista. Mayorista. Empresariales. (Consultar precios)<\/p>\n<p>Somos Fabricantes.<br \/>\nSomos Tienda Bien Alto.<\/p>\n","protected":false},"featured_media":1182,"template":"","meta":[],"product_brand":[],"product_cat":[15,20],"product_tag":[],"class_list":{"0":"post-488","1":"product","2":"type-product","3":"status-publish","4":"has-post-thumbnail","6":"product_cat-madera-y-hierro-enlozado","7":"product_cat-parrilla-y-camping","9":"first","10":"outofstock","11":"taxable","12":"shipping-taxable","13":"product-type-simple"},"aioseo_notices":[],"jetpack_sharing_enabled":true,"_links":{"self":[{"href":"https:\/\/tiendabienalto.com.ar\/index.php?rest_route=\/wp\/v2\/product\/488","targetHints":{"allow":["GET"]}}],"collection":[{"href":"https:\/\/tiendabienalto.com.ar\/index.php?rest_route=\/wp\/v2\/product"}],"about":[{"href":"https:\/\/tiendabienalto.com.ar\/index.php?rest_route=\/wp\/v2\/types\/product"}],"version-history":[{"count":2,"href":"https:\/\/tiendabienalto.com.ar\/index.php?rest_route=\/wp\/v2\/product\/488\/revisions"}],"predecessor-version":[{"id":1186,"href":"https:\/\/tiendabienalto.com.ar\/index.php?rest_route=\/wp\/v2\/product\/488\/revisions\/1186"}],"wp:featuredmedia":[{"embeddable":true,"href":"https:\/\/tiendabienalto.com.ar\/index.php?rest_route=\/wp\/v2\/media\/1182"}],"wp:attachment":[{"href":"https:\/\/tiendabienalto.com.ar\/index.php?rest_route=%2Fwp%2Fv2%2Fmedia&parent=488"}],"wp:term":[{"taxonomy":"product_brand","embeddable":true,"href":"https:\/\/tiendabienalto.com.ar\/index.php?rest_route=%2Fwp%2Fv2%2Fproduct_brand&post=488"},{"taxonomy":"product_cat","embeddable":true,"href":"https:\/\/tiendabienalto.com.ar\/index.php?rest_route=%2Fwp%2Fv2%2Fproduct_cat&post=488"},{"taxonomy":"product_tag","embeddable":true,"href":"https:\/\/tiendabienalto.com.ar\/index.php?rest_route=%2Fwp%2Fv2%2Fproduct_tag&post=488"}],"curies":[{"name":"wp","href":"https:\/\/api.w.org\/{rel}","templated":true}]}}