{"id":1742,"date":"2025-01-02T12:03:52","date_gmt":"2025-01-02T15:03:52","guid":{"rendered":"https:\/\/tiendabienalto.com.ar\/?post_type=product&#038;p=1742"},"modified":"2026-01-12T11:49:39","modified_gmt":"2026-01-12T14:49:39","slug":"cuaderno-con-detalle-en-madera-tu-logo","status":"publish","type":"product","link":"https:\/\/tiendabienalto.com.ar\/?product=cuaderno-con-detalle-en-madera-tu-logo","title":{"rendered":"Cuaderno con detalle en madera &#8211; \u00a1Tu logo!"},"content":{"rendered":"<p>Cuaderno de tapas duras con detalle en bamboo forrado en simil cuero. Posee 100 hojas rayadas, banda el\u00e1stica de sujecci\u00f3n al tono y cinta se\u00f1alador. Sujetador de bol\u00edgrafo.<\/p>\n","protected":false},"excerpt":{"rendered":"<p>Cuaderno de tapas duras con detalle en bamboo forrado en simil cuero. Posee 100 hojas rayadas, banda el\u00e1stica de sujecci\u00f3n al tono y cinta se\u00f1alador. Sujetador de bol\u00edgrafo.<\/p>\n","protected":false},"featured_media":1743,"template":"","meta":[],"product_brand":[],"product_cat":[37],"product_tag":[],"class_list":{"0":"post-1742","1":"product","2":"type-product","3":"status-publish","4":"has-post-thumbnail","6":"product_cat-escritorio-oficina","8":"first","9":"instock","10":"taxable","11":"shipping-taxable","12":"purchasable","13":"product-type-simple"},"aioseo_notices":[],"jetpack_sharing_enabled":true,"_links":{"self":[{"href":"https:\/\/tiendabienalto.com.ar\/index.php?rest_route=\/wp\/v2\/product\/1742","targetHints":{"allow":["GET"]}}],"collection":[{"href":"https:\/\/tiendabienalto.com.ar\/index.php?rest_route=\/wp\/v2\/product"}],"about":[{"href":"https:\/\/tiendabienalto.com.ar\/index.php?rest_route=\/wp\/v2\/types\/product"}],"version-history":[{"count":1,"href":"https:\/\/tiendabienalto.com.ar\/index.php?rest_route=\/wp\/v2\/product\/1742\/revisions"}],"predecessor-version":[{"id":1744,"href":"https:\/\/tiendabienalto.com.ar\/index.php?rest_route=\/wp\/v2\/product\/1742\/revisions\/1744"}],"wp:featuredmedia":[{"embeddable":true,"href":"https:\/\/tiendabienalto.com.ar\/index.php?rest_route=\/wp\/v2\/media\/1743"}],"wp:attachment":[{"href":"https:\/\/tiendabienalto.com.ar\/index.php?rest_route=%2Fwp%2Fv2%2Fmedia&parent=1742"}],"wp:term":[{"taxonomy":"product_brand","embeddable":true,"href":"https:\/\/tiendabienalto.com.ar\/index.php?rest_route=%2Fwp%2Fv2%2Fproduct_brand&post=1742"},{"taxonomy":"product_cat","embeddable":true,"href":"https:\/\/tiendabienalto.com.ar\/index.php?rest_route=%2Fwp%2Fv2%2Fproduct_cat&post=1742"},{"taxonomy":"product_tag","embeddable":true,"href":"https:\/\/tiendabienalto.com.ar\/index.php?rest_route=%2Fwp%2Fv2%2Fproduct_tag&post=1742"}],"curies":[{"name":"wp","href":"https:\/\/api.w.org\/{rel}","templated":true}]}}