{"id":1557,"date":"2024-07-15T11:48:12","date_gmt":"2024-07-15T14:48:12","guid":{"rendered":"https:\/\/tiendabienalto.com.ar\/?product=provoleta-de-chapa-enlozada-c-grabado-laser-tulogo"},"modified":"2026-01-15T13:02:29","modified_gmt":"2026-01-15T16:02:29","slug":"provoleta-de-chapa-enlozada-c-grabado-laser-tulogo","status":"publish","type":"product","link":"https:\/\/tiendabienalto.com.ar\/?product=provoleta-de-chapa-enlozada-c-grabado-laser-tulogo","title":{"rendered":"Provoleta de chapa enlozada c\/Grabado laser. #TuLogo"},"content":{"rendered":"<p>La Provoletera de Chapa Enlozada con Grabado Laser es el complemento perfecto para disfrutar de una deliciosa provoleta casera. Con un di\u00e1metro de 14 cm, podr\u00e1s preparar este exquisito plato de forma f\u00e1cil y r\u00e1pida. Su material de chapa y mango de madera garantizan durabilidad y resistencia.<\/p>\n<p>El modelo enlozado de esta provoletera asegura un uso seguro y eficiente para la preparaci\u00f3n de provoleta. Adem\u00e1s, su dise\u00f1o con mango facilita su manipulaci\u00f3n y transporte, brindando comodidad en todo momento. Con medidas de 26.7 cm de largo, es ideal para cocinar y servir este plato tradicional de manera pr\u00e1ctica y elegante.<\/p>\n<p>El \u2022\u2022GRABADO LASER\u2022\u2022 lo realizamos en el d\u00eda, luego de efectuar la compra nos indicas R\u00c1PIDAMENTE el detalle a grabar (Logo, nombres frases, escudos,etc..)<\/p>\n","protected":false},"excerpt":{"rendered":"<p>La Provoletera de Chapa Enlozada con Grabado Laser es el complemento perfecto para disfrutar de una deliciosa provoleta casera. Con un di\u00e1metro de 14 cm, podr\u00e1s preparar este exquisito plato de forma f\u00e1cil y r\u00e1pida. Su material de chapa y mango de madera garantizan durabilidad y resistencia. El modelo enlozado de esta provoletera asegura un [&hellip;]<\/p>\n","protected":false},"featured_media":1555,"template":"","meta":[],"product_brand":[],"product_cat":[15],"product_tag":[],"class_list":{"0":"post-1557","1":"product","2":"type-product","3":"status-publish","4":"has-post-thumbnail","6":"product_cat-madera-y-hierro-enlozado","8":"first","9":"instock","10":"taxable","11":"shipping-taxable","12":"purchasable","13":"product-type-simple"},"aioseo_notices":[],"jetpack_sharing_enabled":true,"_links":{"self":[{"href":"https:\/\/tiendabienalto.com.ar\/index.php?rest_route=\/wp\/v2\/product\/1557","targetHints":{"allow":["GET"]}}],"collection":[{"href":"https:\/\/tiendabienalto.com.ar\/index.php?rest_route=\/wp\/v2\/product"}],"about":[{"href":"https:\/\/tiendabienalto.com.ar\/index.php?rest_route=\/wp\/v2\/types\/product"}],"version-history":[{"count":1,"href":"https:\/\/tiendabienalto.com.ar\/index.php?rest_route=\/wp\/v2\/product\/1557\/revisions"}],"predecessor-version":[{"id":1563,"href":"https:\/\/tiendabienalto.com.ar\/index.php?rest_route=\/wp\/v2\/product\/1557\/revisions\/1563"}],"wp:featuredmedia":[{"embeddable":true,"href":"https:\/\/tiendabienalto.com.ar\/index.php?rest_route=\/wp\/v2\/media\/1555"}],"wp:attachment":[{"href":"https:\/\/tiendabienalto.com.ar\/index.php?rest_route=%2Fwp%2Fv2%2Fmedia&parent=1557"}],"wp:term":[{"taxonomy":"product_brand","embeddable":true,"href":"https:\/\/tiendabienalto.com.ar\/index.php?rest_route=%2Fwp%2Fv2%2Fproduct_brand&post=1557"},{"taxonomy":"product_cat","embeddable":true,"href":"https:\/\/tiendabienalto.com.ar\/index.php?rest_route=%2Fwp%2Fv2%2Fproduct_cat&post=1557"},{"taxonomy":"product_tag","embeddable":true,"href":"https:\/\/tiendabienalto.com.ar\/index.php?rest_route=%2Fwp%2Fv2%2Fproduct_tag&post=1557"}],"curies":[{"name":"wp","href":"https:\/\/api.w.org\/{rel}","templated":true}]}}