{"id":577,"date":"2024-02-18T13:59:15","date_gmt":"2024-02-18T16:59:15","guid":{"rendered":"https:\/\/tiendabienalto.com.ar\/?page_id=577"},"modified":"2025-02-05T21:56:25","modified_gmt":"2025-02-06T00:56:25","slug":"mi-cuenta","status":"publish","type":"page","link":"https:\/\/tiendabienalto.com.ar\/?page_id=577","title":{"rendered":"Mi cuenta"},"content":{"rendered":"\t\t<div data-elementor-type=\"wp-page\" data-elementor-id=\"577\" class=\"elementor elementor-577\" data-elementor-post-type=\"page\">\n\t\t\t\t<div class=\"elementor-element elementor-element-434ad42 e-flex e-con-boxed e-con e-parent\" data-id=\"434ad42\" data-element_type=\"container\">\n\t\t\t\t\t<div class=\"e-con-inner\">\n\t\t\t\t<div class=\"elementor-element elementor-element-5aeea6a elementor-widget elementor-widget-heading\" data-id=\"5aeea6a\" data-element_type=\"widget\" data-widget_type=\"heading.default\">\n\t\t\t\t<div class=\"elementor-widget-container\">\n\t\t\t\t\t<h2 class=\"elementor-heading-title elementor-size-default\">\ud83e\udeb5 MI CUENTA<\/h2>\t\t\t\t<\/div>\n\t\t\t\t<\/div>\n\t\t\t\t\t<\/div>\n\t\t\t\t<\/div>\n\t\t<div class=\"elementor-element elementor-element-394eeef e-flex e-con-boxed e-con e-parent\" data-id=\"394eeef\" data-element_type=\"container\">\n\t\t\t\t\t<div class=\"e-con-inner\">\n\t\t\t\t<div class=\"elementor-element elementor-element-6b7e49a e-my-account-tabs-vertical elementor-widget elementor-widget-woocommerce-my-account\" data-id=\"6b7e49a\" data-element_type=\"widget\" data-settings=\"{&quot;tables_button_hover_animation&quot;:&quot;shrink&quot;}\" data-widget_type=\"woocommerce-my-account.default\">\n\t\t\t\t<div class=\"elementor-widget-container\">\n\t\t\t\t\t<div class=\"e-my-account-tab e-my-account-tab__ \">\t\t\t<div class=\"woocommerce\"><div class=\"woocommerce-notices-wrapper\"><\/div>\n\n\t\t<h2>Iniciar sesi\u00f3n<\/h2>\n\n\t\t<form class=\"woocommerce-form woocommerce-form-login login\" method=\"post\" novalidate>\n\n\t\t\t\n\t\t\t<p class=\"woocommerce-form-row woocommerce-form-row--wide form-row form-row-wide\">\n\t\t\t\t<label for=\"username\">Nombre de usuario o correo electr\u00f3nico&nbsp;<span class=\"required\" aria-hidden=\"true\">*<\/span><span class=\"screen-reader-text\">Requerido<\/span><\/label>\n\t\t\t\t<input type=\"text\" class=\"woocommerce-Input woocommerce-Input--text input-text\" name=\"username\" id=\"username\" autocomplete=\"username\" value=\"\" required aria-required=\"true\" \/>\t\t\t<\/p>\n\t\t\t<p class=\"woocommerce-form-row woocommerce-form-row--wide form-row form-row-wide\">\n\t\t\t\t<label for=\"password\">Contrase\u00f1a&nbsp;<span class=\"required\" aria-hidden=\"true\">*<\/span><span class=\"screen-reader-text\">Requerido<\/span><\/label>\n\t\t\t\t<input class=\"woocommerce-Input woocommerce-Input--text input-text\" type=\"password\" name=\"password\" id=\"password\" autocomplete=\"current-password\" required aria-required=\"true\" \/>\n\t\t\t<\/p>\n\n\t\t\t\n\t\t\t<p class=\"form-row\">\n\t\t\t\t<label class=\"woocommerce-form__label woocommerce-form__label-for-checkbox woocommerce-form-login__rememberme\">\n\t\t\t\t\t<input class=\"woocommerce-form__input woocommerce-form__input-checkbox\" name=\"rememberme\" type=\"checkbox\" id=\"rememberme\" value=\"forever\" \/> <span>Recordarme<\/span>\n\t\t\t\t<\/label>\n\t\t\t\t<input type=\"hidden\" id=\"woocommerce-login-nonce\" name=\"woocommerce-login-nonce\" value=\"c9f83fc878\" \/><input type=\"hidden\" name=\"_wp_http_referer\" value=\"\/index.php?rest_route=%2Fwp%2Fv2%2Fpages%2F577\" \/>\t\t\t\t<button type=\"submit\" class=\"woocommerce-button button woocommerce-form-login__submit\" name=\"login\" value=\"Iniciar sesi\u00f3n\">Iniciar sesi\u00f3n<\/button>\n\t\t\t<\/p>\n\t\t\t<p class=\"woocommerce-LostPassword lost_password\">\n\t\t\t\t<a href=\"https:\/\/tiendabienalto.com.ar\/?page_id=577&#038;lost-password\">\u00bfOlvidaste la contrase\u00f1a?<\/a>\n\t\t\t<\/p>\n\n\t\t\t\n\t\t<\/form>\n\n\n<\/div>\t\t<\/div>\n\t\t\t\t\t\t<\/div>\n\t\t\t\t<\/div>\n\t\t\t\t\t<\/div>\n\t\t\t\t<\/div>\n\t\t<div class=\"elementor-element elementor-element-eff3a0e e-flex e-con-boxed e-con e-parent\" data-id=\"eff3a0e\" data-element_type=\"container\">\n\t\t\t\t\t<div class=\"e-con-inner\">\n\t\t\t\t<div class=\"elementor-element elementor-element-4fb3f82 elementor-widget elementor-widget-heading\" data-id=\"4fb3f82\" data-element_type=\"widget\" id=\"reg-may\" data-widget_type=\"heading.default\">\n\t\t\t\t<div class=\"elementor-widget-container\">\n\t\t\t\t\t<h2 class=\"elementor-heading-title elementor-size-default\">\ud83d\udd25 CUENTA MAYORISTA<\/h2>\t\t\t\t<\/div>\n\t\t\t\t<\/div>\n\t\t\t\t<div class=\"elementor-element elementor-element-70622e5 elementor-widget elementor-widget-shortcode\" data-id=\"70622e5\" data-element_type=\"widget\" data-widget_type=\"shortcode.default\">\n\t\t\t\t<div class=\"elementor-widget-container\">\n\t\t\t\t\t\t\t<div class=\"elementor-shortcode\">                <div id=\"whols_user_reg_message\" class=\"whols_user_reg_message\"><\/div>\n                <div class=\"whols_registration_form\">\n                    <form action=\"\" class=\"whols_registration_action woocommerce-billing-fields\" enctype=\"multipart\/form-data\">\n                        <p class=\"whols-form-row validate-required type--text\" id=\"reg_name_field\" data-priority=\"99\"><label for=\"reg_name\" class=\"\">Nombre&nbsp;<abbr class=\"required\" title=\"required\">*<\/abbr><\/label><span class=\"whols-input-wrapper\"><input type=\"text\" class=\"input-text \" name=\"reg_name\" id=\"reg_name\" placeholder=\"Nombre\"  value=\"\"   required=\"required\"   \/><\/span><\/p><p class=\"whols-form-row validate-required type--text\" id=\"reg_username_field\" data-priority=\"99\"><label for=\"reg_username\" class=\"\">Nombre de usuario&nbsp;<abbr class=\"required\" title=\"required\">*<\/abbr><\/label><span class=\"whols-input-wrapper\"><input type=\"text\" class=\"input-text \" name=\"reg_username\" id=\"reg_username\" placeholder=\"Ej.: tiendabienalto\"  value=\"\"   required=\"required\"   \/><\/span><\/p><p class=\"whols-form-row validate-required type--email\" id=\"reg_email_field\" data-priority=\"99\"><label for=\"reg_email\" class=\"\">Email&nbsp;<abbr class=\"required\" title=\"required\">*<\/abbr><\/label><span class=\"whols-input-wrapper\"><input type=\"email\" class=\"input-text \" name=\"reg_email\" id=\"reg_email\" placeholder=\"Correo electr\u00f3nico\"  value=\"\"   required=\"required\"   \/><\/span><\/p><p class=\"whols-form-row validate-required type--password\" id=\"reg_password_field\" data-priority=\"99\"><label for=\"reg_password\" class=\"\">Crea tu contrase\u00f1a&nbsp;<abbr class=\"required\" title=\"required\">*<\/abbr><\/label><span class=\"whols-input-wrapper\"><input type=\"password\" class=\"input-text \" name=\"reg_password\" id=\"reg_password\" placeholder=\"Contrase\u00f1a\"  value=\"\"   required=\"required\"   \/><\/span><\/p>\n                                <button type=\"submit\" \n                name=\"reg_submit\" \n                id=\"whols_reg_submit\" \n                class=\"button button-primary\"\n                value=\"Registrarme como Mayorista\">\n            Registrarme como Mayorista        <\/button>\n                            <\/form>\n                <\/div>\n\n                    <\/div>\n\t\t\t\t\t\t<\/div>\n\t\t\t\t<\/div>\n\t\t\t\t\t<\/div>\n\t\t\t\t<\/div>\n\t\t\t\t<\/div>\n\t\t                <div id=\"whols_user_reg_message\" class=\"whols_user_reg_message\"><\/div>\n                <div class=\"whols_registration_form\">\n                    <form action=\"\" class=\"whols_registration_action woocommerce-billing-fields\" enctype=\"multipart\/form-data\">\n                        <p class=\"whols-form-row validate-required type--text\" id=\"reg_name_field\" data-priority=\"99\"><label for=\"reg_name\" class=\"\">Nombre&nbsp;<abbr class=\"required\" title=\"required\">*<\/abbr><\/label><span class=\"whols-input-wrapper\"><input type=\"text\" class=\"input-text \" name=\"reg_name\" id=\"reg_name\" placeholder=\"Nombre\"  value=\"\"   required=\"required\"   \/><\/span><\/p><p class=\"whols-form-row validate-required type--text\" id=\"reg_username_field\" data-priority=\"99\"><label for=\"reg_username\" class=\"\">Nombre de usuario&nbsp;<abbr class=\"required\" title=\"required\">*<\/abbr><\/label><span class=\"whols-input-wrapper\"><input type=\"text\" class=\"input-text \" name=\"reg_username\" id=\"reg_username\" placeholder=\"Ej.: tiendabienalto\"  value=\"\"   required=\"required\"   \/><\/span><\/p><p class=\"whols-form-row validate-required type--email\" id=\"reg_email_field\" data-priority=\"99\"><label for=\"reg_email\" class=\"\">Email&nbsp;<abbr class=\"required\" title=\"required\">*<\/abbr><\/label><span class=\"whols-input-wrapper\"><input type=\"email\" class=\"input-text \" name=\"reg_email\" id=\"reg_email\" placeholder=\"Correo electr\u00f3nico\"  value=\"\"   required=\"required\"   \/><\/span><\/p><p class=\"whols-form-row validate-required type--password\" id=\"reg_password_field\" data-priority=\"99\"><label for=\"reg_password\" class=\"\">Crea tu contrase\u00f1a&nbsp;<abbr class=\"required\" title=\"required\">*<\/abbr><\/label><span class=\"whols-input-wrapper\"><input type=\"password\" class=\"input-text \" name=\"reg_password\" id=\"reg_password\" placeholder=\"Contrase\u00f1a\"  value=\"\"   required=\"required\"   \/><\/span><\/p>\n                                <button type=\"submit\" \n                name=\"reg_submit\" \n                id=\"whols_reg_submit\" \n                class=\"button button-primary\"\n                value=\"Registrarme como Mayorista\">\n            Registrarme como Mayorista        <\/button>\n                            <\/form>\n                <\/div>\n\n                    ","protected":false},"excerpt":{"rendered":"<p>\ud83e\udeb5 MI CUENTA Dashboard Pedidos Descargas Direcciones Detalles de cuenta Salir Hola tiendabienalto.com.ar (\u00bfno sos tiendabienalto.com.ar? Cerrar sesi\u00f3n) Desde el panel de control de tu cuenta pod\u00e9s ver tus pedidos recientes, gestionar tus direcciones de env\u00edo y facturaci\u00f3n y editar tu contrase\u00f1a y los detalles de tu cuenta. \ud83d\udd25 CUENTA MAYORISTA Nombre&nbsp;* Nombre de usuario&nbsp;* [&hellip;]<\/p>\n","protected":false},"author":1,"featured_media":0,"parent":0,"menu_order":0,"comment_status":"closed","ping_status":"closed","template":"","meta":{"footnotes":""},"class_list":["post-577","page","type-page","status-publish","hentry"],"aioseo_notices":[],"jetpack_sharing_enabled":true,"_links":{"self":[{"href":"https:\/\/tiendabienalto.com.ar\/index.php?rest_route=\/wp\/v2\/pages\/577","targetHints":{"allow":["GET"]}}],"collection":[{"href":"https:\/\/tiendabienalto.com.ar\/index.php?rest_route=\/wp\/v2\/pages"}],"about":[{"href":"https:\/\/tiendabienalto.com.ar\/index.php?rest_route=\/wp\/v2\/types\/page"}],"author":[{"embeddable":true,"href":"https:\/\/tiendabienalto.com.ar\/index.php?rest_route=\/wp\/v2\/users\/1"}],"replies":[{"embeddable":true,"href":"https:\/\/tiendabienalto.com.ar\/index.php?rest_route=%2Fwp%2Fv2%2Fcomments&post=577"}],"version-history":[{"count":57,"href":"https:\/\/tiendabienalto.com.ar\/index.php?rest_route=\/wp\/v2\/pages\/577\/revisions"}],"predecessor-version":[{"id":1869,"href":"https:\/\/tiendabienalto.com.ar\/index.php?rest_route=\/wp\/v2\/pages\/577\/revisions\/1869"}],"wp:attachment":[{"href":"https:\/\/tiendabienalto.com.ar\/index.php?rest_route=%2Fwp%2Fv2%2Fmedia&parent=577"}],"curies":[{"name":"wp","href":"https:\/\/api.w.org\/{rel}","templated":true}]}}