{"id":176,"date":"2024-02-16T01:37:02","date_gmt":"2024-02-16T04:37:02","guid":{"rendered":"https:\/\/tiendabienalto.com.ar\/?page_id=176"},"modified":"2025-02-05T22:50:40","modified_gmt":"2025-02-06T01:50:40","slug":"como-comprar","status":"publish","type":"page","link":"https:\/\/tiendabienalto.com.ar\/?page_id=176","title":{"rendered":"C\u00f3mo comprar"},"content":{"rendered":"\t\t<div data-elementor-type=\"wp-page\" data-elementor-id=\"176\" class=\"elementor elementor-176\" data-elementor-post-type=\"page\">\n\t\t\t\t<div class=\"elementor-element elementor-element-304c6e8 e-con-full e-flex e-con e-parent\" data-id=\"304c6e8\" data-element_type=\"container\">\n\t\t<div class=\"elementor-element elementor-element-0131666 e-con-full e-flex e-con e-child\" data-id=\"0131666\" data-element_type=\"container\" data-settings=\"{&quot;background_background&quot;:&quot;classic&quot;}\">\n\t\t<div class=\"elementor-element elementor-element-8aee6f1 e-con-full e-flex e-con e-child\" data-id=\"8aee6f1\" data-element_type=\"container\">\n\t\t\t\t<div class=\"elementor-element elementor-element-ba99366 elementor-widget__width-initial elementor-widget-mobile__width-initial elementor-widget-tablet__width-initial elementor-view-default elementor-widget elementor-widget-icon\" data-id=\"ba99366\" data-element_type=\"widget\" data-widget_type=\"icon.default\">\n\t\t\t\t<div class=\"elementor-widget-container\">\n\t\t\t\t\t\t\t<div class=\"elementor-icon-wrapper\">\n\t\t\t<div class=\"elementor-icon\">\n\t\t\t<svg xmlns=\"http:\/\/www.w3.org\/2000\/svg\" viewBox=\"0 0 518.68 621.54\"><defs><style>.cls-1{fill:#fdebdf;}<\/style><\/defs><g id=\"Capa_2\" data-name=\"Capa 2\"><g id=\"Capa_1-2\" data-name=\"Capa 1\"><path class=\"cls-1\" d=\"M408.33,474.37c-5.77,7.9-11.21,16.21-17.51,23.79-9.69,11.66-21.2,21.19-36.38,24.78-12.15,2.87-24,2.18-34.12-6.32a32.17,32.17,0,0,1-10.64-18.17,356.34,356.34,0,0,1-6.1-35.48c-3.09-27.78-5.54-55.61-13.49-82.6-12.76-43.32-70.17-106.62-75.5-107.51.42,1,.81,2,1.27,3,11.22,24.71,20.1,50.19,25.06,76.93,5.6,30.27,6.36,60.44-3,90.2-5.58,17.73-14.4,33.56-28.67,45.86-13.37,11.53-28.68,17.8-46.63,16-20.25-2.05-35.5-12.73-47.77-28.27-10.37-13.14-16.75-28.26-21.31-44.23-.3-1.05-.6-2.1-1-3.32-3.21,9,3.86,56.83,11.42,78.59a176.1,176.1,0,0,0,42,67.09c19,19.11,41.27,33.69,65,46.5-4.21-.75-8.45-1.41-12.64-2.28-28.56-5.94-56.2-14.63-82.2-28C79,571.72,48.55,545.18,27.49,508.63a199.5,199.5,0,0,1-25-73.82,271,271,0,0,1,8.75-113.39c6.53-22.27,30.16-62.21,30.5-62.21,0,3.44-.08,6.88,0,10.32.46,16.85,1.8,33.59,6.89,49.8,3.53,11.26,8.74,21.6,18.79,28.46,26.29,18,73.24,7.38,80.9-33.47,2.09-11.15.43-22.23-1.64-33.18-4.12-21.76-8.86-43.4-12.65-65.21-4.9-28.22-6.62-56.64-2.36-85.15,5.28-35.4,20-66.26,44.75-92.24C190.63,23.59,207,11.31,224.68.79c.36-.21.76-.36,1.66-.79-2.1,6.08-4.06,11.69-6,17.31-8.17,24-14.27,48.47-17,73.7-3.14,29.12-2,57.88,9.14,85.46s29.51,48.24,58,58.22c24.07,8.43,47.66,7.13,69.38-7.42,15.57-10.43,24.08-25.88,29-43.54,3-10.89,4.22-22.06,4.54-33.34,0-1,0-2,0-3.88,1.8,1.94,3.1,3.22,4.26,4.62,16.46,19.67,27.14,42,30.58,67.54,2.61,19.36.73,38.53-4.2,57.3s-10.74,37.42-16,56.16a144.3,144.3,0,0,0-5.79,35.16c-.82,31,24.14,55,55.13,53.36,23.29-1.26,37.8-13.72,45.93-34.76,5.32-13.73,7.58-28.13,8.66-42.71.67-9,1.28-28.05,2.13-28.83,2.17,4.66,4.62,9.21,6.48,14C514.12,363.05,520.93,399,518,436.22c-2.74,35.11-15.53,66.59-36.93,94.47-28.93,37.71-67,62.43-111.67,77.5a255.41,255.41,0,0,1-77,13.34,10.24,10.24,0,0,1-4.15-.57c.93-.42,1.84-.88,2.79-1.25,22.34-8.83,43.83-19.25,63.21-33.62,21.14-15.68,37.59-35,46.41-60.18C405.91,510.92,409.5,487.14,408.33,474.37Z\"><\/path><\/g><\/g><\/svg>\t\t\t<\/div>\n\t\t<\/div>\n\t\t\t\t\t\t<\/div>\n\t\t\t\t<\/div>\n\t\t\t\t<div class=\"elementor-element elementor-element-22a2f22 elementor-widget-mobile__width-initial elementor-widget elementor-widget-heading\" data-id=\"22a2f22\" data-element_type=\"widget\" data-widget_type=\"heading.default\">\n\t\t\t\t<div class=\"elementor-widget-container\">\n\t\t\t\t\t<h2 class=\"elementor-heading-title elementor-size-default\">C\u00d3MO COMPRAR<\/h2>\t\t\t\t<\/div>\n\t\t\t\t<\/div>\n\t\t\t\t<\/div>\n\t\t\t\t<\/div>\n\t\t\t\t<\/div>\n\t\t<div class=\"elementor-element elementor-element-14b10b1 e-con-full e-flex e-con e-parent\" data-id=\"14b10b1\" data-element_type=\"container\">\n\t\t<div class=\"elementor-element elementor-element-ae3f6f1 e-con-full e-flex e-con e-child\" data-id=\"ae3f6f1\" data-element_type=\"container\" data-settings=\"{&quot;background_background&quot;:&quot;classic&quot;,&quot;sticky&quot;:&quot;top&quot;,&quot;sticky_offset&quot;:50,&quot;sticky_parent&quot;:&quot;yes&quot;,&quot;sticky_on&quot;:[&quot;desktop&quot;,&quot;tablet&quot;,&quot;mobile&quot;],&quot;sticky_effects_offset&quot;:0,&quot;sticky_anchor_link_offset&quot;:0}\">\n\t\t<div class=\"elementor-element elementor-element-6e0e7d6 e-con-full e-flex e-con e-child\" data-id=\"6e0e7d6\" data-element_type=\"container\">\n\t\t\t\t<div class=\"elementor-element elementor-element-2e68709 elementor-widget elementor-widget-heading\" data-id=\"2e68709\" data-element_type=\"widget\" data-widget_type=\"heading.default\">\n\t\t\t\t<div class=\"elementor-widget-container\">\n\t\t\t\t\t<h2 class=\"elementor-heading-title elementor-size-default\">PASO UNO<\/h2>\t\t\t\t<\/div>\n\t\t\t\t<\/div>\n\t\t\t\t<div class=\"elementor-element elementor-element-4b15054 elementor-widget elementor-widget-text-editor\" data-id=\"4b15054\" data-element_type=\"widget\" data-widget_type=\"text-editor.default\">\n\t\t\t\t<div class=\"elementor-widget-container\">\n\t\t\t\t\t\t\t\t\t<p><strong>A\u00f1ad\u00ed todos los productos que desees presupuestar al carrito<\/strong> junto con las unidades deseadas. Podr\u00e1s dejar una nota en el Presupuesto en caso de requerirlo.<\/p>\t\t\t\t\t\t\t\t<\/div>\n\t\t\t\t<\/div>\n\t\t\t\t<\/div>\n\t\t<div class=\"elementor-element elementor-element-935ac35 e-flex e-con-boxed e-con e-child\" data-id=\"935ac35\" data-element_type=\"container\" data-settings=\"{&quot;background_background&quot;:&quot;classic&quot;}\">\n\t\t\t\t\t<div class=\"e-con-inner\">\n\t\t\t\t\t<\/div>\n\t\t\t\t<\/div>\n\t\t\t\t<\/div>\n\t\t<div class=\"elementor-element elementor-element-b31f930 e-con-full e-flex e-con e-child\" data-id=\"b31f930\" data-element_type=\"container\" data-settings=\"{&quot;background_background&quot;:&quot;classic&quot;,&quot;sticky&quot;:&quot;top&quot;,&quot;sticky_offset&quot;:50,&quot;sticky_parent&quot;:&quot;yes&quot;,&quot;sticky_on&quot;:[&quot;desktop&quot;,&quot;tablet&quot;,&quot;mobile&quot;],&quot;sticky_effects_offset&quot;:0,&quot;sticky_anchor_link_offset&quot;:0}\">\n\t\t<div class=\"elementor-element elementor-element-c019943 e-con-full e-flex e-con e-child\" data-id=\"c019943\" data-element_type=\"container\">\n\t\t\t\t<div class=\"elementor-element elementor-element-973f8dc elementor-widget elementor-widget-heading\" data-id=\"973f8dc\" data-element_type=\"widget\" data-widget_type=\"heading.default\">\n\t\t\t\t<div class=\"elementor-widget-container\">\n\t\t\t\t\t<h2 class=\"elementor-heading-title elementor-size-default\">PASO DOS<\/h2>\t\t\t\t<\/div>\n\t\t\t\t<\/div>\n\t\t\t\t<div class=\"elementor-element elementor-element-d3dde10 elementor-widget elementor-widget-text-editor\" data-id=\"d3dde10\" data-element_type=\"widget\" data-widget_type=\"text-editor.default\">\n\t\t\t\t<div class=\"elementor-widget-container\">\n\t\t\t\t\t\t\t\t\t<p>Complet\u00e1 el <strong>Presupuesto<\/strong> con tus datos y aguard\u00e1 por nuestra pronta respuesta.<\/p>\t\t\t\t\t\t\t\t<\/div>\n\t\t\t\t<\/div>\n\t\t\t\t<\/div>\n\t\t<div class=\"elementor-element elementor-element-9834f3b e-flex e-con-boxed e-con e-child\" data-id=\"9834f3b\" data-element_type=\"container\" data-settings=\"{&quot;background_background&quot;:&quot;classic&quot;}\">\n\t\t\t\t\t<div class=\"e-con-inner\">\n\t\t\t\t\t<\/div>\n\t\t\t\t<\/div>\n\t\t\t\t<\/div>\n\t\t<div class=\"elementor-element elementor-element-89df8be e-con-full e-flex e-con e-child\" data-id=\"89df8be\" data-element_type=\"container\" data-settings=\"{&quot;background_background&quot;:&quot;classic&quot;,&quot;sticky&quot;:&quot;top&quot;,&quot;sticky_offset&quot;:50,&quot;sticky_parent&quot;:&quot;yes&quot;,&quot;sticky_on&quot;:[&quot;desktop&quot;,&quot;tablet&quot;,&quot;mobile&quot;],&quot;sticky_effects_offset&quot;:0,&quot;sticky_anchor_link_offset&quot;:0}\">\n\t\t<div class=\"elementor-element elementor-element-cc05a2f e-con-full e-flex e-con e-child\" data-id=\"cc05a2f\" data-element_type=\"container\">\n\t\t\t\t<div class=\"elementor-element elementor-element-a8dc7fd elementor-widget elementor-widget-heading\" data-id=\"a8dc7fd\" data-element_type=\"widget\" data-widget_type=\"heading.default\">\n\t\t\t\t<div class=\"elementor-widget-container\">\n\t\t\t\t\t<h2 class=\"elementor-heading-title elementor-size-default\">PASO TRES<\/h2>\t\t\t\t<\/div>\n\t\t\t\t<\/div>\n\t\t\t\t<div class=\"elementor-element elementor-element-b77053a elementor-widget elementor-widget-text-editor\" data-id=\"b77053a\" data-element_type=\"widget\" data-widget_type=\"text-editor.default\">\n\t\t\t\t<div class=\"elementor-widget-container\">\n\t\t\t\t\t\t\t\t\t<p>\u00bfTodo OK? Entonces comencemos la producci\u00f3n. \ud83d\udcaa<\/p>\t\t\t\t\t\t\t\t<\/div>\n\t\t\t\t<\/div>\n\t\t\t\t<\/div>\n\t\t<div class=\"elementor-element elementor-element-5a5fc08 e-flex e-con-boxed e-con e-child\" data-id=\"5a5fc08\" data-element_type=\"container\" data-settings=\"{&quot;background_background&quot;:&quot;classic&quot;}\">\n\t\t\t\t\t<div class=\"e-con-inner\">\n\t\t\t\t\t<\/div>\n\t\t\t\t<\/div>\n\t\t\t\t<\/div>\n\t\t\t\t<\/div>\n\t\t<div class=\"elementor-element elementor-element-d39fc9a e-flex e-con-boxed e-con e-parent\" data-id=\"d39fc9a\" data-element_type=\"container\">\n\t\t\t\t\t<div class=\"e-con-inner\">\n\t\t\t\t\t<\/div>\n\t\t\t\t<\/div>\n\t\t<div class=\"elementor-element elementor-element-6bdbfe6 e-con-full e-flex e-con e-parent\" data-id=\"6bdbfe6\" data-element_type=\"container\" data-settings=\"{&quot;background_background&quot;:&quot;classic&quot;}\">\n\t\t<div class=\"elementor-element elementor-element-3a06201 e-con-full e-flex e-con e-child\" data-id=\"3a06201\" data-element_type=\"container\">\n\t\t<div class=\"elementor-element elementor-element-a43baa2 e-con-full e-flex e-con e-child\" data-id=\"a43baa2\" data-element_type=\"container\">\n\t\t\t\t<div class=\"elementor-element elementor-element-d1bd7d3 elementor-widget elementor-widget-image\" data-id=\"d1bd7d3\" data-element_type=\"widget\" data-widget_type=\"image.default\">\n\t\t\t\t<div class=\"elementor-widget-container\">\n\t\t\t\t\t\t\t\t\t\t\t\t\t\t\t<img data-recalc-dims=\"1\" decoding=\"async\" src=\"https:\/\/i0.wp.com\/tiendabienalto.com.ar\/wp-content\/uploads\/2024\/02\/Recurso-37.png?w=800&#038;ssl=1\" title=\"\" alt=\"\" loading=\"lazy\" \/>\t\t\t\t\t\t\t\t\t\t\t\t\t\t\t<\/div>\n\t\t\t\t<\/div>\n\t\t\t\t<div class=\"elementor-element elementor-element-cf19044 elementor-widget elementor-widget-heading\" data-id=\"cf19044\" data-element_type=\"widget\" data-widget_type=\"heading.default\">\n\t\t\t\t<div class=\"elementor-widget-container\">\n\t\t\t\t\t<h2 class=\"elementor-heading-title elementor-size-default\">\u00bfList@ para comenzar?<\/h2>\t\t\t\t<\/div>\n\t\t\t\t<\/div>\n\t\t\t\t<div class=\"elementor-element elementor-element-f8139ba elementor-widget elementor-widget-button\" data-id=\"f8139ba\" data-element_type=\"widget\" data-widget_type=\"button.default\">\n\t\t\t\t<div class=\"elementor-widget-container\">\n\t\t\t\t\t\t\t\t\t<div class=\"elementor-button-wrapper\">\n\t\t\t\t\t<a class=\"elementor-button elementor-button-link elementor-size-sm elementor-animation-shrink\" href=\"https:\/\/tiendabienalto.com.ar\/?page_id=5\">\n\t\t\t\t\t\t<span class=\"elementor-button-content-wrapper\">\n\t\t\t\t\t\t<span class=\"elementor-button-icon\">\n\t\t\t\t<svg aria-hidden=\"true\" class=\"e-font-icon-svg e-fas-shopping-cart\" viewBox=\"0 0 576 512\" xmlns=\"http:\/\/www.w3.org\/2000\/svg\"><path d=\"M528.12 301.319l47.273-208C578.806 78.301 567.391 64 551.99 64H159.208l-9.166-44.81C147.758 8.021 137.93 0 126.529 0H24C10.745 0 0 10.745 0 24v16c0 13.255 10.745 24 24 24h69.883l70.248 343.435C147.325 417.1 136 435.222 136 456c0 30.928 25.072 56 56 56s56-25.072 56-56c0-15.674-6.447-29.835-16.824-40h209.647C430.447 426.165 424 440.326 424 456c0 30.928 25.072 56 56 56s56-25.072 56-56c0-22.172-12.888-41.332-31.579-50.405l5.517-24.276c3.413-15.018-8.002-29.319-23.403-29.319H218.117l-6.545-32h293.145c11.206 0 20.92-7.754 23.403-18.681z\"><\/path><\/svg>\t\t\t<\/span>\n\t\t\t\t\t\t\t\t\t<span class=\"elementor-button-text\">Llenemos el carrito<\/span>\n\t\t\t\t\t<\/span>\n\t\t\t\t\t<\/a>\n\t\t\t\t<\/div>\n\t\t\t\t\t\t\t\t<\/div>\n\t\t\t\t<\/div>\n\t\t\t\t<\/div>\n\t\t<div class=\"elementor-element elementor-element-d5dd164 e-con-full e-flex e-con e-child\" data-id=\"d5dd164\" data-element_type=\"container\">\n\t\t\t\t<div class=\"elementor-element elementor-element-e69ccb7 elementor-widget elementor-widget-image\" data-id=\"e69ccb7\" data-element_type=\"widget\" data-widget_type=\"image.default\">\n\t\t\t\t<div class=\"elementor-widget-container\">\n\t\t\t\t\t\t\t\t\t\t\t\t\t\t\t<img data-recalc-dims=\"1\" decoding=\"async\" src=\"https:\/\/i0.wp.com\/tiendabienalto.com.ar\/wp-content\/uploads\/2024\/02\/Recurso-36.png?w=800&#038;ssl=1\" title=\"\" alt=\"\" loading=\"lazy\" \/>\t\t\t\t\t\t\t\t\t\t\t\t\t\t\t<\/div>\n\t\t\t\t<\/div>\n\t\t\t\t<div class=\"elementor-element elementor-element-3ce4f78 elementor-widget elementor-widget-heading\" data-id=\"3ce4f78\" data-element_type=\"widget\" data-widget_type=\"heading.default\">\n\t\t\t\t<div class=\"elementor-widget-container\">\n\t\t\t\t\t<h2 class=\"elementor-heading-title elementor-size-default\">Tengo algunas dudas...<\/h2>\t\t\t\t<\/div>\n\t\t\t\t<\/div>\n\t\t\t\t<div class=\"elementor-element elementor-element-56c24b9 elementor-widget elementor-widget-button\" data-id=\"56c24b9\" data-element_type=\"widget\" data-widget_type=\"button.default\">\n\t\t\t\t<div class=\"elementor-widget-container\">\n\t\t\t\t\t\t\t\t\t<div class=\"elementor-button-wrapper\">\n\t\t\t\t\t<a class=\"elementor-button elementor-button-link elementor-size-sm elementor-animation-shrink\" href=\"https:\/\/tiendabienalto.com.ar\/?page_id=178\">\n\t\t\t\t\t\t<span class=\"elementor-button-content-wrapper\">\n\t\t\t\t\t\t\t\t\t<span class=\"elementor-button-text\">Vamos a Preguntas Frecuentes<\/span>\n\t\t\t\t\t<\/span>\n\t\t\t\t\t<\/a>\n\t\t\t\t<\/div>\n\t\t\t\t\t\t\t\t<\/div>\n\t\t\t\t<\/div>\n\t\t\t\t<\/div>\n\t\t\t\t<\/div>\n\t\t\t\t<\/div>\n\t\t\t\t<\/div>\n\t\t","protected":false},"excerpt":{"rendered":"<p>C\u00d3MO COMPRAR PASO UNO A\u00f1ad\u00ed todos los productos que desees presupuestar al carrito junto con las unidades deseadas. Podr\u00e1s dejar una nota en el Presupuesto en caso de requerirlo. PASO DOS Complet\u00e1 el Presupuesto con tus datos y aguard\u00e1 por nuestra pronta respuesta. PASO TRES \u00bfTodo OK? Entonces comencemos la producci\u00f3n. \ud83d\udcaa \u00bfList@ para comenzar? [&hellip;]<\/p>\n","protected":false},"author":1,"featured_media":0,"parent":0,"menu_order":0,"comment_status":"closed","ping_status":"closed","template":"","meta":{"footnotes":""},"class_list":["post-176","page","type-page","status-publish","hentry"],"aioseo_notices":[],"jetpack_sharing_enabled":true,"_links":{"self":[{"href":"https:\/\/tiendabienalto.com.ar\/index.php?rest_route=\/wp\/v2\/pages\/176","targetHints":{"allow":["GET"]}}],"collection":[{"href":"https:\/\/tiendabienalto.com.ar\/index.php?rest_route=\/wp\/v2\/pages"}],"about":[{"href":"https:\/\/tiendabienalto.com.ar\/index.php?rest_route=\/wp\/v2\/types\/page"}],"author":[{"embeddable":true,"href":"https:\/\/tiendabienalto.com.ar\/index.php?rest_route=\/wp\/v2\/users\/1"}],"replies":[{"embeddable":true,"href":"https:\/\/tiendabienalto.com.ar\/index.php?rest_route=%2Fwp%2Fv2%2Fcomments&post=176"}],"version-history":[{"count":69,"href":"https:\/\/tiendabienalto.com.ar\/index.php?rest_route=\/wp\/v2\/pages\/176\/revisions"}],"predecessor-version":[{"id":1885,"href":"https:\/\/tiendabienalto.com.ar\/index.php?rest_route=\/wp\/v2\/pages\/176\/revisions\/1885"}],"wp:attachment":[{"href":"https:\/\/tiendabienalto.com.ar\/index.php?rest_route=%2Fwp%2Fv2%2Fmedia&parent=176"}],"curies":[{"name":"wp","href":"https:\/\/api.w.org\/{rel}","templated":true}]}}